{"id":697,"date":"2025-09-20T19:58:03","date_gmt":"2025-09-20T16:58:03","guid":{"rendered":"https:\/\/www.oneskischool.ro\/?post_type=product&#038;p=697"},"modified":"2025-09-21T10:31:28","modified_gmt":"2025-09-21T07:31:28","slug":"tabara-de-ski-harghita-madaras-2026","status":"publish","type":"product","link":"https:\/\/www.oneskischool.ro\/en\/product\/tabara-de-ski-harghita-madaras-2026\/","title":{"rendered":"Tab\u0103r\u0103 de Ski M\u0103d\u0103ra\u0219 \/ Harghita"},"content":{"rendered":"<p><img loading=\"lazy\" decoding=\"async\" class=\"alignnone wp-image-949 size-medium img-responsive\" src=\"https:\/\/www.oneskischool.ro\/wp-content\/uploads\/2025\/09\/tabraski_harghita-212x300.png\" alt=\"\" width=\"212\" height=\"300\" srcset=\"https:\/\/www.oneskischool.ro\/wp-content\/uploads\/2025\/09\/tabraski_harghita-212x300.png 212w, https:\/\/www.oneskischool.ro\/wp-content\/uploads\/2025\/09\/tabraski_harghita-8x12.png 8w, https:\/\/www.oneskischool.ro\/wp-content\/uploads\/2025\/09\/tabraski_harghita.png 452w\" sizes=\"(max-width: 212px) 100vw, 212px\" \/><\/p>","protected":false},"excerpt":{"rendered":"","protected":false},"featured_media":949,"template":"","meta":[],"product_cat":[25],"product_tag":[],"class_list":{"0":"post-697","1":"product","2":"type-product","3":"status-publish","4":"has-post-thumbnail","6":"product_cat-tabere","8":"first","9":"instock","10":"taxable","11":"shipping-taxable","12":"purchasable","13":"product-type-variable"},"aioseo_notices":[],"_links":{"self":[{"href":"https:\/\/www.oneskischool.ro\/en\/wp-json\/wp\/v2\/product\/697"}],"collection":[{"href":"https:\/\/www.oneskischool.ro\/en\/wp-json\/wp\/v2\/product"}],"about":[{"href":"https:\/\/www.oneskischool.ro\/en\/wp-json\/wp\/v2\/types\/product"}],"wp:featuredmedia":[{"embeddable":true,"href":"https:\/\/www.oneskischool.ro\/en\/wp-json\/wp\/v2\/media\/949"}],"wp:attachment":[{"href":"https:\/\/www.oneskischool.ro\/en\/wp-json\/wp\/v2\/media?parent=697"}],"wp:term":[{"taxonomy":"product_cat","embeddable":true,"href":"https:\/\/www.oneskischool.ro\/en\/wp-json\/wp\/v2\/product_cat?post=697"},{"taxonomy":"product_tag","embeddable":true,"href":"https:\/\/www.oneskischool.ro\/en\/wp-json\/wp\/v2\/product_tag?post=697"}],"curies":[{"name":"wp","href":"https:\/\/api.w.org\/{rel}","templated":true}]}}