{"id":513,"date":"2020-12-09T10:14:34","date_gmt":"2020-12-09T07:14:34","guid":{"rendered":"https:\/\/www.oneskischool.ro\/?post_type=product&#038;p=513"},"modified":"2025-01-20T18:33:35","modified_gmt":"2025-01-20T15:33:35","slug":"lectie-ski-pentru-1-persoana","status":"publish","type":"product","link":"https:\/\/www.oneskischool.ro\/en\/product\/lectie-ski-pentru-1-persoana\/","title":{"rendered":"Lec\u021bie Ski pentru 1 persoan\u0103"},"content":{"rendered":"<p>Depending on the number of hours paid, a discount will be applied according to the following grid:<\/p>\n<ul>\n<li>5 &#8211; 10 ore: 5%<\/li>\n<li>11 &#8211; 19 ore: 10%<\/li>\n<li>peste 19 ore: 15%<\/li>\n<\/ul>\n<p>The discount will be displayed on the Shopping Cart page before payment is completed.<\/p>\n<h3><strong>Regulament utilizare Lectii de Ski si promotii:<\/strong><\/h3>\n<p>1. If you have a discount code, it can be used only once, within the term indicated with the transmission of the discount code.<br \/>\n2. For transactions completed through www.oneskischool.ro, the amount paid can be returned only under the following conditions:<br \/>\n&#8211; Carantinarea (lockdown) a localitatii in care ar urma desfasurarea lectiilor de Ski<br \/>\n&#8211; Inexistenta zapezii pe intreg sezonul de ski 2022-2023.<br \/>\n3. The money is returned within a maximum of 30 days from the request for their return, sent first e-mail to contact@oneskischool.ro.<br \/>\n4. In cazul in care s-au efectuat\/consumat deja o parte din lectiile de Ski achizitionate, returnarea se va face doar pentru lectiile neefectuate\/neconsumate.<br \/>\n5. In cazul achizitionarii lectiilor de Ski prin utilizarea unui cod de reducere, lectiile se vor efectua\/consuma in calupuri de minim 2 lectii de Ski pe zi.<br \/>\n6. Lectiile de Ski achizitionate pot fi folosite pe intreg sezonul de ski 2022-2023.<br \/>\n7. Lectiile de Ski achizitionate nu pot fi folosite de o alta persoana (ex: cadou) doar daca se mentioneaza acest lucru in momentul achizitionarii lui.<br \/>\n9. Programarea pentru lectiile de Ski se face cu minim 72 de ore inaintea utilizarii acestora prin telefon sau prin email.<\/p>","protected":false},"excerpt":{"rendered":"<p>\u00cen func\u021bie de num\u0103rul de ore achitate, se va aplica o reducere conform urm\u0103toarei grile: 5 &#8211; 10 ore: 5% 11 &#8211; 19 ore: 10% peste 19 ore: 15% Reducerea se va afi\u0219a \u00een pagina Co\u0219ului de Cump\u0103r\u0103turi, \u00eenainte de finalizarea pl\u0103\u021bii. Regulament utilizare Lectii de Ski si promotii: 1. In cazul in care detineti &#8230; <a href=\"https:\/\/www.oneskischool.ro\/en\/product\/lectie-ski-pentru-1-persoana\/\" class=\"more-link text-uppercase small\"><strong>Continue Reading<\/strong> <i class=\"fa fa-angle-double-right\" aria-hidden=\"true\"><\/i><\/a><\/p>","protected":false},"featured_media":658,"template":"","meta":[],"product_cat":[22,23],"product_tag":[],"class_list":{"0":"post-513","1":"product","2":"type-product","3":"status-publish","4":"has-post-thumbnail","6":"product_cat-cursuri","7":"product_cat-lectii-individuale","9":"first","10":"instock","11":"virtual","12":"taxable","13":"purchasable","14":"product-type-simple"},"aioseo_notices":[],"_links":{"self":[{"href":"https:\/\/www.oneskischool.ro\/en\/wp-json\/wp\/v2\/product\/513"}],"collection":[{"href":"https:\/\/www.oneskischool.ro\/en\/wp-json\/wp\/v2\/product"}],"about":[{"href":"https:\/\/www.oneskischool.ro\/en\/wp-json\/wp\/v2\/types\/product"}],"wp:featuredmedia":[{"embeddable":true,"href":"https:\/\/www.oneskischool.ro\/en\/wp-json\/wp\/v2\/media\/658"}],"wp:attachment":[{"href":"https:\/\/www.oneskischool.ro\/en\/wp-json\/wp\/v2\/media?parent=513"}],"wp:term":[{"taxonomy":"product_cat","embeddable":true,"href":"https:\/\/www.oneskischool.ro\/en\/wp-json\/wp\/v2\/product_cat?post=513"},{"taxonomy":"product_tag","embeddable":true,"href":"https:\/\/www.oneskischool.ro\/en\/wp-json\/wp\/v2\/product_tag?post=513"}],"curies":[{"name":"wp","href":"https:\/\/api.w.org\/{rel}","templated":true}]}}