{"id":1010,"date":"2025-09-21T09:39:41","date_gmt":"2025-09-21T06:39:41","guid":{"rendered":"https:\/\/www.oneskischool.ro\/?post_type=product&#038;p=1010"},"modified":"2025-09-21T10:30:01","modified_gmt":"2025-09-21T07:30:01","slug":"tabara-de-inot-bran","status":"publish","type":"product","link":"https:\/\/www.oneskischool.ro\/en\/product\/tabara-de-inot-bran\/","title":{"rendered":"Tab\u0103r\u0103 de \u00cenot \u2013 Bran"},"content":{"rendered":"<p><img loading=\"lazy\" decoding=\"async\" class=\"alignnone size-medium wp-image-943 img-responsive\" src=\"https:\/\/www.oneskischool.ro\/wp-content\/uploads\/2025\/09\/tabara_inot-169x300.png\" alt=\"\" width=\"169\" height=\"300\" srcset=\"https:\/\/www.oneskischool.ro\/wp-content\/uploads\/2025\/09\/tabara_inot-169x300.png 169w, https:\/\/www.oneskischool.ro\/wp-content\/uploads\/2025\/09\/tabara_inot-7x12.png 7w, https:\/\/www.oneskischool.ro\/wp-content\/uploads\/2025\/09\/tabara_inot.png 360w\" sizes=\"(max-width: 169px) 100vw, 169px\" \/><\/p>","protected":false},"excerpt":{"rendered":"","protected":false},"featured_media":943,"template":"","meta":[],"product_cat":[25],"product_tag":[],"class_list":{"0":"post-1010","1":"product","2":"type-product","3":"status-publish","4":"has-post-thumbnail","6":"product_cat-tabere","8":"first","9":"instock","10":"taxable","11":"shipping-taxable","12":"purchasable","13":"product-type-variable"},"aioseo_notices":[],"_links":{"self":[{"href":"https:\/\/www.oneskischool.ro\/en\/wp-json\/wp\/v2\/product\/1010"}],"collection":[{"href":"https:\/\/www.oneskischool.ro\/en\/wp-json\/wp\/v2\/product"}],"about":[{"href":"https:\/\/www.oneskischool.ro\/en\/wp-json\/wp\/v2\/types\/product"}],"wp:featuredmedia":[{"embeddable":true,"href":"https:\/\/www.oneskischool.ro\/en\/wp-json\/wp\/v2\/media\/943"}],"wp:attachment":[{"href":"https:\/\/www.oneskischool.ro\/en\/wp-json\/wp\/v2\/media?parent=1010"}],"wp:term":[{"taxonomy":"product_cat","embeddable":true,"href":"https:\/\/www.oneskischool.ro\/en\/wp-json\/wp\/v2\/product_cat?post=1010"},{"taxonomy":"product_tag","embeddable":true,"href":"https:\/\/www.oneskischool.ro\/en\/wp-json\/wp\/v2\/product_tag?post=1010"}],"curies":[{"name":"wp","href":"https:\/\/api.w.org\/{rel}","templated":true}]}}