{"id":1006,"date":"2025-09-21T09:36:27","date_gmt":"2025-09-21T06:36:27","guid":{"rendered":"https:\/\/www.oneskischool.ro\/?post_type=product&#038;p=1006"},"modified":"2025-09-21T10:19:28","modified_gmt":"2025-09-21T07:19:28","slug":"tabara-de-calarie-bran","status":"publish","type":"product","link":"https:\/\/www.oneskischool.ro\/en\/product\/tabara-de-calarie-bran\/","title":{"rendered":"Tab\u0103r\u0103 de C\u0103l\u0103rie \u2013 Bran"},"content":{"rendered":"<p><img loading=\"lazy\" decoding=\"async\" class=\"alignnone size-medium wp-image-944 img-responsive\" src=\"https:\/\/www.oneskischool.ro\/wp-content\/uploads\/2025\/09\/tabaracalarie-225x300.png\" alt=\"\" width=\"225\" height=\"300\" srcset=\"https:\/\/www.oneskischool.ro\/wp-content\/uploads\/2025\/09\/tabaracalarie-225x300.png 225w, https:\/\/www.oneskischool.ro\/wp-content\/uploads\/2025\/09\/tabaracalarie-9x12.png 9w, https:\/\/www.oneskischool.ro\/wp-content\/uploads\/2025\/09\/tabaracalarie.png 480w\" sizes=\"(max-width: 225px) 100vw, 225px\" \/><\/p>","protected":false},"excerpt":{"rendered":"","protected":false},"featured_media":944,"template":"","meta":[],"product_cat":[25],"product_tag":[],"class_list":{"0":"post-1006","1":"product","2":"type-product","3":"status-publish","4":"has-post-thumbnail","6":"product_cat-tabere","8":"first","9":"instock","10":"taxable","11":"shipping-taxable","12":"purchasable","13":"product-type-variable"},"aioseo_notices":[],"_links":{"self":[{"href":"https:\/\/www.oneskischool.ro\/en\/wp-json\/wp\/v2\/product\/1006"}],"collection":[{"href":"https:\/\/www.oneskischool.ro\/en\/wp-json\/wp\/v2\/product"}],"about":[{"href":"https:\/\/www.oneskischool.ro\/en\/wp-json\/wp\/v2\/types\/product"}],"wp:featuredmedia":[{"embeddable":true,"href":"https:\/\/www.oneskischool.ro\/en\/wp-json\/wp\/v2\/media\/944"}],"wp:attachment":[{"href":"https:\/\/www.oneskischool.ro\/en\/wp-json\/wp\/v2\/media?parent=1006"}],"wp:term":[{"taxonomy":"product_cat","embeddable":true,"href":"https:\/\/www.oneskischool.ro\/en\/wp-json\/wp\/v2\/product_cat?post=1006"},{"taxonomy":"product_tag","embeddable":true,"href":"https:\/\/www.oneskischool.ro\/en\/wp-json\/wp\/v2\/product_tag?post=1006"}],"curies":[{"name":"wp","href":"https:\/\/api.w.org\/{rel}","templated":true}]}}