{"id":435,"date":"2019-07-16T21:36:26","date_gmt":"2019-07-16T18:36:26","guid":{"rendered":"https:\/\/www.oneskischool.ro\/?page_id=435"},"modified":"2022-12-23T14:06:24","modified_gmt":"2022-12-23T11:06:24","slug":"termeni-si-conditii","status":"publish","type":"page","link":"https:\/\/www.oneskischool.ro\/en\/termeni-si-conditii\/","title":{"rendered":"Terms and conditions"},"content":{"rendered":"<div class=\"vc_row wpb_row vc_row-fluid\"><div class=\"wpb_column vc_column_container vc_col-sm-12\"><div class=\"vc_column-inner\"><div class=\"wpb_wrapper\">\n\t<div class=\"wpb_text_column wpb_content_element\" >\n\t\t<div class=\"wpb_wrapper\">\n\t\t\t<p><strong>TERMS AND CONDITIONS<\/strong><\/p>\n<p>Bine a\u0163i venit pe site-ul www.oneskishool.ro. V\u0103 rug\u0103m s\u0103 citi\u0163i cu aten\u0163ie termenii \u015fi condi\u0163iile de utilizare ale acestui website prezentate mai jos. Accesul\/vizitarea acestui website de c\u0103tre dumneavoastr\u0103 se supune Termenilor \u015fi condi\u0163iilor de utilizare, implic\u0103 acceptul explicit al dumneavoastr\u0103 cu privire la ace\u015ftia \u015fi reprezint\u0103 \u00eentreaga \u00een\u0163elegere (contractul) dintre p\u0103r\u0163i.<\/p>\n<p>SC TCC ONE SKI SRL, denumit\u0103 generic \u00een cele ce urmeaza \u015fi ONE SKI, \u00een calitate de autor\/proprietar\/administrator al website-ului www.oneskishool.ro \u00ee\u015fi rezerv\u0103 dreptul de a schimba \u015fi actualiza \u00een orice moment con\u0163inutul acestui website, precum \u015fi Politica de confiden\u0163ialitate \u015fi Termenii \u015fi condi\u0163iile de utilizare, f\u0103r\u0103 niciun fel de notificare prealabil\u0103. De aceea, v\u0103 rug\u0103m s\u0103 vizita\u0163i periodic aceast\u0103 sec\u0163iune pentru a verifica termenii \u015fi condi\u0163iile pe care a\u0163i agreat s\u0103 le respecta\u0163i.<\/p>\n<p><!-- \/wp:paragraph --><\/p>\n<p><!-- wp:paragraph --><strong>application<\/strong><\/p>\n<p><!-- \/wp:paragraph --><\/p>\n<p><!-- wp:paragraph -->Termenii \u015fi condi\u0163iile prezentate sunt valabile \u015fi se aplic\u0103 pentru toate paginile din domeniul oneskischool.ro \u015fi pentru care ONE SKI are calitatea de autor\/proprietar\/administrator. Toate aceste pagini (a\u015fa cum exist\u0103 ele \u00een prezent sau vor fi ulterior implementate) precum \u015fi website-ul www.oneskishool.ro vor fi denumite generic, \u00een mod individual sau colectiv Site \u00een cele ce urmeaz\u0103.<br \/>\u00cen cadrul prezentului document, cuvintele la singular includ pluralul, cuvintele la plural includ singularul, cuvintele care denot\u0103 genul masculin includ femininul, \u015fi cuvintele care denot\u0103 genul feminin includ masculinul.<\/p>\n<p><!-- \/wp:paragraph --><\/p>\n<p><!-- wp:paragraph --><strong>Use licenses<\/strong><\/p>\n<p><!-- \/wp:paragraph -->ONE SKI v\u0103 acord\u0103 o licen\u0163\u0103 limitat\u0103 pentru a accesa\/vizita Site-ul, f\u0103r\u0103 posibilitatea de a-l modifica \u00een lipsa unui acord din partea ONE SKI. Aceast\u0103 licen\u0163\u0103 nu include:<\/p>\n<p><!-- \/wp:paragraph --><br \/><!-- wp:list --><\/p>\n<ul>\n<li>rev\u00e2nzarea sau utilizarea \u00een scopuri comerciale a informa\u0163iilor prezentate pe Site, f\u0103r\u0103 acordul ONE SKI;<\/li>\n<li>download-ul sau copierea informa\u0163iilor legate de conturi utilizator;<\/li>\n<li>utilizarea tehnicilor tip data mining, robo\u0163ilor sau tehnologiilor similare care permit extragerea \u015fi analiza datelor.<\/li>\n<\/ul>\n<p><!-- \/wp:list -->ONE SKI v\u0103 acord\u0103 o licen\u0163\u0103 limitat\u0103, revocabil\u0103 \u015fi ne-exclusiv\u0103 de a v\u0103 crea un hyperlink c\u0103tre pagina home a Site-ului at\u00e2ta vreme c\u00e2t acest link nu descrie ONE SKI sau un partener\/afiliat al acestuia de o manier\u0103 fals\u0103, gre\u015fit\u0103 sau jignitoare. Licen\u0163a acordat\u0103 nu v\u0103 permite utilizarea \u00een cadrul acestui hyperlink a marcii ONE SKI f\u0103r\u0103 acordul prealabil scris al ONE SKI.<\/p>\n<p><!-- \/wp:paragraph --><\/p>\n<p><!-- wp:paragraph -->Con\u0163inutul Site-ului, integral \u015fi\/sau par\u0163ial, nu poate fi reprodus, duplicat, copiat, rev\u00e2ndut, vizitat sau exploatat \u00een scopuri comerciale f\u0103r\u0103 acceptul scris prealabil al ONE SKI.<\/p>\n<p><!-- \/wp:paragraph --><\/p>\n<p><!-- wp:paragraph --><strong>trademarks<\/strong><\/p>\n<p><!-- \/wp:paragraph --><\/p>\n<p><!-- wp:paragraph -->Domeniul promo-events.ro este de\u0163inut de c\u0103tre ONE SKI. Utilizarea acestui domeniu, \u00een forma direct\u0103 sau &#8220;ascuns\u0103&#8221; (de tipul, dar nu limitat la, meta taguri sau alte tehnici de indexare, c\u0103utare web) f\u0103r\u0103 permisiunea prealabil\u0103 scris\u0103 a ONE SKI este interzis\u0103 \u015fi se pedepse\u015fte conform legii. Utilizarea neautorizat\u0103 a acestora revoc\u0103 imediat licen\u0163ele acordate de catre ONE SKI, conform cu cele de mai sus.<\/p>\n<p><!-- \/wp:paragraph --><\/p>\n<p><!-- wp:paragraph --><strong>Condi\u0163ii de utilizare. Garan\u0163ii.<\/strong><\/p>\n<p><!-- \/wp:paragraph --><\/p>\n<p><!-- wp:paragraph -->Site-ul este furnizat de c\u0103tre ONE SKI pe o baz\u0103 &#8220;a\u015fa cum este&#8221; \u015fi &#8220;at\u00e2t c\u00e2t este disponibil&#8221; . ONE SKI nu garanteaz\u0103 c\u0103 Site-ul, serverele pe care este g\u0103zduit, sau e-mailurile trimise de la oneskischool.ro sunt f\u0103r\u0103 viru\u015fi sau alte componente informatice cu caracter poten\u0163ial d\u0103un\u0103tor. Utilizatorul folose\u015fte Site-ul pe riscul propriu, ONE SKI fiind liber de orice r\u0103spundere pentru eventualele daune directe sau indirecte cauzate de utilizarea sau accesarea\/vizitarea Site-ului sau ca urmare a utiliz\u0103rii informa\u0163iilor de pe Site. ONE SKI nu este r\u0103spunzatoare de erorile sau omisiunile care pot interveni \u00een redactarea sau prezentarea materialelor de pe Site. ONE SKI nu acord\u0103 niciun fel de garan\u0163ie pentru con\u0163inutul \u015fi utilizarea acestui Site. Informa\u0163iile publicate corespund realit\u0103\u0163ii la momentul \u00eenscrierii lor pe Site sau al actualiz\u0103rii diverselor pagini ale Site-ului. ONE SKI nu este raspunzatoare pentru eventualele probleme de compatibilitate ce pot sa apara intre limbajul de programare folosit in realizarea site-ului si browser-ul web folosit de catre vizitator in momentul aparitiei erorii.<\/p>\n<p><!-- \/wp:paragraph --><\/p>\n<p><!-- wp:paragraph --><strong>Newsletter (buletin de stiri)<\/strong><\/p>\n<p><!-- \/wp:paragraph --><\/p>\n<p><!-- wp:paragraph -->Prin crearea unui cont de utilizator pe site-ul www.oneskishool.ro sau prin abonarea la newsletter-ul ONE SKI folosind unul din formularele existente pe website-ul www.oneskishool.ro, sunteti de acord cu inscrierea adresei dumneavoastra de e-mail in baza de date ONE SKI, pentru comunicari de natura comerciala ulterioare. Colectarea datelor de tip e-mail se fac numai conform cu Politica de Confidentialitate ONE SKI, avand in orice moment posibilitatea de a solicita, in mod gratuit, excluderea adresei dumneavoastra de e-mail din baza de date ONE SKI destinata comunicarilor comerciale.<\/p>\n<p><!-- \/wp:paragraph --><\/p>\n<p><!-- wp:paragraph --><strong>Aplicarea reducerilor de pret promotionale<\/strong><\/p>\n<p><!-- \/wp:paragraph --><\/p>\n<p><!-- wp:paragraph -->Reducerile de pret promotionale afisate pe site sau acordate sub forma de coduri sau vouchere, nu se pot cumula sub nicio forma. Toate reducerile pot fi folosite doar individual, cate una singura per comanda plasata.<\/p>\n<p><!-- \/wp:paragraph --><\/p>\n<p><!-- wp:paragraph --><strong>Security<\/strong><\/p>\n<p><!-- \/wp:paragraph --><\/p>\n<p><!-- wp:paragraph -->Dac\u0103 utiliza\u0163i Site-ul sunte\u0163i r\u0103spunz\u0103tor pentru asigurarea confiden\u0163ialit\u0103\u0163ii datelor privitoare la contul dumneavoastr\u0103 de acces, cum ar fi numele de utilizator \u015fi parola \u015fi sunte\u0163i de acord s\u0103 v\u0103 asumati \u00eentreaga responsabilitate pentru activit\u0103\u0163ile\/ac\u0163iunile desf\u0103\u015furate pe Site cu contul \u015fi parola dumneavoastr\u0103. \u00cen cazul \u00een care suspecta\u0163i c\u0103, din diverse motive imputabile sau nu dumneavoastr\u0103, confiden\u0163ialitatea acestor date de acces a fost compromis\u0103, ve\u0163i notifica imediat ONE SKI pentru a bloca accesul la cont \u015fi a v\u0103 genera c\u00e2t mai rapid o nou\u0103 parol\u0103.<\/p>\n<p><!-- \/wp:paragraph --><\/p>\n<p><!-- wp:paragraph -->Efectuarea de opera\u0163iuni neautorizate asupra acestui site \u015fi tentativa de efectuare a acestora, incluz\u00e2nd f\u0103r\u0103 a se limita la: utilizarea abuziv\u0103, utilizarea frauduloas\u0103, accesul neautorizat, modificarea, copierea de informa\u0163ii \u00een vederea comercializ\u0103rii lor, blocarea accesului, \u015famd, vor fi pedepsite conform legii.<\/p>\n<p><!-- \/wp:paragraph --><\/p>\n<p><!-- wp:paragraph --><strong>communication<\/strong><\/p>\n<p><!-- \/wp:paragraph --><\/p>\n<p><!-- wp:paragraph -->Utilizatorii Site-ului pot trimite comentarii, note, sugestii, idei sau observa\u0163ii cu privire la con\u0163inutul \u015fi structura Site-ului, respectiv pot adresa \u00eentreb\u0103ri at\u00e2ta timp c\u00e2t con\u0163inutul acestora nu este ilegal, obscen, amenin\u0163\u0103tor, def\u0103imator, care s\u0103 afecteze via\u0163a privat\u0103, drepturile de proprietate intelectual\u0103, ale ONE SKI sau ale unor ter\u0163e p\u0103r\u0163i, \u015fi care nu con\u0163in viru\u015fi, deruleaz\u0103 campanii politice\/electorale, solicit\u0103ri comerciale, scrisori \u00een lan\u0163, mailinguri de mas\u0103, sau orice alt\u0103 form\u0103 de spam. Nu pute\u0163i folosi o adres\u0103 de e-mail fals\u0103 sau s\u0103 impersona\u0163i o alt\u0103 persoan\u0103 sau entitate. ONE SKI \u00ee\u015fi rezerv\u0103 dreptul, dar nu \u015fi obliga\u0163ia, de a \u00eendep\u0103rta sau edita o astfel de informa\u0163ie transmis\u0103.<\/p>\n<p><!-- \/wp:paragraph --><\/p>\n<p><!-- wp:paragraph -->Prin trimiterea unei astfel de informa\u0163ii, dac\u0103 nu este altfel specificat, acorda\u0163i ONE SKI \u015fi partenerilor\/afilia\u0163ilor s\u0103i licen\u0163a\/dreptul gratuit, ne-exclusiv, perpetuu, irevocabil \u015fi sub-licen\u0163iabil de a utiliza, reproduce, modifica, adapta, publica, traduce, deriva, distribui sau a le afi\u015fa pe orice fel de medii, \u00een toat\u0103 lumea. Acorda\u0163i dreptul ONE SKI \u015fi partenerilor\/afilia\u0163ilor s\u0103i de a utiliza numele pe care l-ati trimis \u00een conjunc\u0163ie cu informa\u0163ia, dac\u0103 ace\u015ftia vor decide astfel. Declara\u0163i \u015fi garanta\u0163i c\u0103 de\u0163ine\u0163i sau controla\u0163i toate drepturile cu privire la informa\u0163iile transmise, c\u0103 acestea sunt corecte \u015fi c\u0103 utilizarea acestora nu intr\u0103 \u00een contradic\u0163ie cu Termenii \u015fi condi\u0163iile de utilizare, c\u0103 nu vor cauza daune c\u0103tre o ter\u0163\u0103 parte \u015fi c\u0103 ve\u0163i desp\u0103gubi integral ONE SKI sau partenerii\/afilia\u0163ii s\u0103i pentru toate cererile rezultate din informa\u0163ia astfel transmis\u0103.<\/p>\n<p><!-- \/wp:paragraph --><\/p>\n<p><!-- wp:paragraph --><strong>Cookies<\/strong><\/p>\n<p><!-- \/wp:paragraph --><\/p>\n<p><!-- wp:paragraph -->Acest website foloseste cookie-uri proprii si de la terti pentru a furniza vizitatorilor o experienta mult mai buna de navigare si servicii adaptate nevoilor si interesului fiecaruia.<\/p>\n<p><!-- \/wp:paragraph --><\/p>\n<p><!-- wp:paragraph --><strong>Drepturi de proprietate intelectual\u0103<\/strong><\/p>\n<p><!-- \/wp:paragraph -->ONE SKI respect\u0103 drepturile intelectuale ale altora. \u00cen situa\u0163ia \u00een care considera\u0163i c\u0103 munca dumneavoastr\u0103 a fost copiat\u0103 de o manier\u0103 care s\u0103 \u00eencalce dreptul de proprietate intelectual\u0103, v\u0103 rug\u0103m adresa\u0163i ONE SKI o notificare care s\u0103 cuprind\u0103:<\/p>\n<p><!-- \/wp:paragraph --><br \/><!-- wp:list --><\/p>\n<ul>\n<li>semnatura fizic\u0103 sau electronic\u0103 a persoanei autorizate s\u0103 reprezinte pe posesorul dreptului de proprietate;<\/li>\n<li>o descriere a materialelor protejate de drepturi care aprecia\u0163i c\u0103 au fost \u00eenc\u0103lcate;<\/li>\n<li>o indicare a loca\u0163iei pe Site unde aprecia\u0163i c\u0103 aceste drepturi au fost \u00eenc\u0103lcate;<\/li>\n<li>adresa, num\u0103rul de telefon \u015fi adresa e-mail a dumneavoastr\u0103;<\/li>\n<li>o declara\u0163ie pe proprie r\u0103spundere conform c\u0103reia sunte\u0163i convins c\u0103 utilizarea \u00een disput\u0103 nu a fost autorizat\u0103 de de\u0163in\u0103torul drepturilor, ale \u00eemputernicitului sau ale legii;<\/li>\n<li>o declara\u0163ie notarial\u0103 pe proprie r\u0103spundere conform c\u0103reia ac\u0163ionati cu bun\u0103 credin\u0163\u0103, c\u0103 notificarea este complet\u0103 \u015fi corect\u0103 \u015fi c\u0103 sunte\u0163i de\u0163in\u0103torul drepturilor sau ac\u0163iona\u0163i \u00een numele s\u0103u.<\/li>\n<\/ul>\n<p><!-- \/wp:list --><\/p>\n<p><!-- wp:paragraph --><strong>Politica de confiden\u0163ialitate<\/strong><\/p>\n<p><!-- \/wp:paragraph --><\/p>\n<p><!-- wp:paragraph -->V\u0103 rug\u0103m s\u0103 accesati \u015fi sec\u0163iunea Confidentialitate care se aplic\u0103 de asemenea accesului\/vizitei dumneavoastr\u0103 pe Site.<\/p>\n<p><!-- \/wp:paragraph --><\/p>\n<p><!-- wp:paragraph --><strong>TABARA<\/strong><\/p>\n<p><!-- \/wp:paragraph --><br \/><!-- wp:paragraph -->In momentul \u00eenscrierii la tabara sunteti de acord cu :<br \/>&#8211; avansul achitat pentru rezervarea locului in tabara nu se returneaza in caz de renuntare la participare<br \/>&#8211; in cazul in care diferenta ramasa de achitat din contravaloarea taberei nu se achita cu pana la 12 zile inainte de inceperea taberei, se considera renuntare la participare, atragand dupa sine nerestituirea avansului<br \/>&#8211; aducere \u0219i preluarea copilului \/ copiiilor in tabara !<br \/>&#8211; va supune\u021bi condi\u021biilor impuse de organizator<br \/>&#8211; cazarea comunicat\u0103 prin orice mijloace !<br \/>&#8211; meniul pentru mese, dac\u0103 este cerut !<br \/>&#8211; in cazul taberelor de ski \u0219i snowboard num\u0103rul instructorilor pentru grup este de 1 instructor la 10 copiii\/adulti ( in cazul in care considera organizatorul poate sa suplineasc\u0103 num\u0103rul instructorilor )<br \/>&#8211; migrarea unor elevi de la o grupa la alta in func\u021bie de gradul de pregatire a acestora fiind decizia instructorului \u0219i a coordonatorului de tabara desemnat!<br \/>&#8211; modificarea pre\u021bului pentru tab\u0103ra dac\u0103 condi\u021biile meteo o impun sau necesita costuri in plus pentru organizator !<br \/>&#8211; \u00eenchirierea de echipament de la organizator \u0219i pretul cerut de acesta!<br \/>&#8211; postarea de poze din cadrul taberei pe re\u021bele de socializare ( Facebook \u0219i Instagram) at\u00e2t poze c\u00e2t \u0219i video!<br \/>&#8211; reclama\u021biile se iau inconsiderare dec\u00e2t cele scrise nu cele verbale!<br \/>&#8211; orice reclama\u021bie trebuie scris\u0103 \u0219i trimisa la adresa de mail contact@oneskischool.ro din ziua in care a avut loc neregula!<br \/>&#8211; reclama\u021biile ulterioare nu se iau in considerare ! Se \u00een\u021belege acceptarea situa\u021biei !<br \/>&#8211; excludere din tab\u0103ra in cazul in care nu se respecta buna purtare a participan\u021bilor ! Decizia poate fi luata de organizator si coordonatorul taberei!<br \/>&#8211; excludere din tab\u0103ra poate surveni \u0219i la dorin\u021ba organizatorului din orice motiv \u0219i returnarea banilor c\u0103tre participant care a fost achitata!<br \/>&#8211; excluderea se poate face instant \u0219i nu necesita un avertisment din partea organizatorului !<br \/>&#8211; plata taberei se face cu achitarea unui avans in contul desemnat de c\u0103tre organizator iar diferen\u021ba venirea in tab\u0103ra !<br \/>&#8211; factura pentru serviciile prestate de c\u0103tre organizator se trimite prin posta sau personal la plecarea din tab\u0103ra! Decizia apar\u021bine organizatorului !<br \/>&#8211; modificarea programului stabilit ulterior se poate modifica de c\u0103tre organizator sau coordonatorul tabere in func\u021bie de participan\u021bi \u0219i condi\u021biile meteo!<br \/>&#8211; modificarea programului se poate face instant fara anun\u021barea participan\u021bilor la tab\u0103ra sau a tutorele acestora !<br \/>&#8211; nereturnarea avansului in cazul anul\u0103rii taberei din motive neimputabile organizatorului.<br \/>&#8211; informa\u021biile legate de tab\u0103ra vor fi trimise pe mailul comunicat in formularul de \u00eenscriere de c\u0103tre dumneavoastr\u0103 sau pe reteaua de socializare indicat\u0103 de coordonatorul taberei.<br \/>&#8211; interac\u021bionarea p\u0103rin\u021bilor in cadrul taberei este permis\u0103 doar cu acordul coordonatorului! Cererea de permisiune sa face in scris pe emailul organizatorului !<\/p>\n<p><strong>Legislation<\/strong><\/p>\n<p><!-- \/wp:paragraph --><\/p>\n<p><!-- wp:paragraph -->Politica de confiden\u0163ialitate se supune legisla\u0163iei rom\u00e2ne. \u00cen caz de litigiu, se va \u00eencerca mai \u00eent\u00e2i o rezolvare pe cale amiabil\u0103, \u00een termen de 30 de zile lucr\u0103toare de la \u00eenregistrarea reclama\u0163iei la sediul ONE SKI. \u00cen cazul \u00een care nu se poate ajunge la o \u00eentelegere \u00een termenul precizat anterior, litigiul va fi supus rezolv\u0103rii instan\u0163ei judec\u0103tore\u015fti competente.<\/p>\n<p><!-- \/wp:paragraph --><\/p>\n<p><!-- wp:paragraph --><strong>Contact<\/strong><\/p>\n<p><!-- \/wp:paragraph -->SC TCC ONE SKI SRL<br \/>Headquarters address: Romania, Str. Bailor Nr. 10, Brasov<br \/>Tel: +40 728 064 266<br \/>Email: contact@oneskischool.ro<\/p>\n<p><!-- \/wp:paragraph --><\/p>\n<p><!-- wp:paragraph -->RC: J08\/3086\/2022; C.U.I.: 47269480;<\/p>\n<p><!-- \/wp:paragraph --><\/p>\n<p><!-- wp:paragraph -->Ultima actualizare: 10 decembrie 2022<\/p>\n<p><!-- \/wp:paragraph -->\u00a0<\/p>\n\n\t\t<\/div>\n\t<\/div>\n<\/div><\/div><\/div><\/div>","protected":false},"excerpt":{"rendered":"TERMENI SI CONDITII Bine a\u0163i venit pe site-ul www.oneskishool.ro. V\u0103 rug\u0103m s\u0103 citi\u0163i cu aten\u0163ie termenii \u015fi condi\u0163iile de utilizare ale acestui website prezentate mai jos. Accesul\/vizitarea acestui website de c\u0103tre dumneavoastr\u0103 se supune Termenilor \u015fi condi\u0163iilor de utilizare, implic\u0103 acceptul explicit al dumneavoastr\u0103 cu privire la ace\u015ftia \u015fi reprezint\u0103 \u00eentreaga \u00een\u0163elegere (contractul) dintre p\u0103r\u0163i. ... <a href=\"https:\/\/www.oneskischool.ro\/en\/termeni-si-conditii\/\" class=\"more-link text-uppercase small\"><strong>Continue Reading<\/strong> <i class=\"fa fa-angle-double-right\" aria-hidden=\"true\"><\/i><\/a>","protected":false},"author":1,"featured_media":0,"parent":0,"menu_order":0,"comment_status":"closed","ping_status":"closed","template":"template_fullwidth.php","meta":{"footnotes":""},"class_list":["post-435","page","type-page","status-publish","hentry"],"aioseo_notices":[],"_links":{"self":[{"href":"https:\/\/www.oneskischool.ro\/en\/wp-json\/wp\/v2\/pages\/435"}],"collection":[{"href":"https:\/\/www.oneskischool.ro\/en\/wp-json\/wp\/v2\/pages"}],"about":[{"href":"https:\/\/www.oneskischool.ro\/en\/wp-json\/wp\/v2\/types\/page"}],"author":[{"embeddable":true,"href":"https:\/\/www.oneskischool.ro\/en\/wp-json\/wp\/v2\/users\/1"}],"replies":[{"embeddable":true,"href":"https:\/\/www.oneskischool.ro\/en\/wp-json\/wp\/v2\/comments?post=435"}],"version-history":[{"count":9,"href":"https:\/\/www.oneskischool.ro\/en\/wp-json\/wp\/v2\/pages\/435\/revisions"}],"predecessor-version":[{"id":726,"href":"https:\/\/www.oneskischool.ro\/en\/wp-json\/wp\/v2\/pages\/435\/revisions\/726"}],"wp:attachment":[{"href":"https:\/\/www.oneskischool.ro\/en\/wp-json\/wp\/v2\/media?parent=435"}],"curies":[{"name":"wp","href":"https:\/\/api.w.org\/{rel}","templated":true}]}}