{"id":433,"date":"2019-07-16T21:35:46","date_gmt":"2019-07-16T18:35:46","guid":{"rendered":"https:\/\/www.oneskischool.ro\/?page_id=433"},"modified":"2022-12-12T21:40:31","modified_gmt":"2022-12-12T18:40:31","slug":"politica-de-utilizare-cookie-uri","status":"publish","type":"page","link":"https:\/\/www.oneskischool.ro\/en\/politica-de-utilizare-cookie-uri\/","title":{"rendered":"Cookies usage policy"},"content":{"rendered":"<div class=\"vc_row wpb_row vc_row-fluid\"><div class=\"wpb_column vc_column_container vc_col-sm-12\"><div class=\"vc_column-inner\"><div class=\"wpb_wrapper\">\n\t<div class=\"wpb_text_column wpb_content_element\" >\n\t\t<div class=\"wpb_wrapper\">\n\t\t\t<p><strong>COOKIE USE POLICY<\/strong><\/p>\n<p>1. Politica de utilizare a<br \/>Cookie-urilor<\/p>\n<p>Aceasta se refer\u0103 la cookie-urile din website-ul<br \/>http:\/\/www.oneskishool.ro de\u021binut de SC TCC ONE SKI SRL cu sediul social<br \/>\u00een Str. Bailor Nr. 10, Brasov, societate denumit\u0103 \u00een continuare ONE SKI.<\/p>\n<p>2. What are cookies?<\/p>\n<p>Cookie-urile sunt fi\u0219iere text de mici dimensiuni,<br \/>stocate pe echipamentele terminale ale unui utilizator de Internet. Cookie-ul<br \/>este instalat prin solicitarea emis\u0103 printr-un web-server c\u0103tre un browser (ex:<br \/>Internet Explorer, Chrome) \u0219i nu con\u021bine programe software, viru\u0219i sau spyware,<br \/>neav\u00e2nd acces la informa\u021biile de pe hard drive-ul utilizatorului. Aceste<br \/>fi\u015fiere permit recunoa\u015fterea echipamentului utilizatorului \u015fi afi\u015farea \u00een mod<br \/>corespunz\u0103tor a paginii de Internet, adaptat\u0103 preferin\u0163elor individuale ale<br \/>utilizatorului<\/p>\n<p>3. Rolul fi\u0219ierelor de tip<br \/>Cookie<\/p>\n<p>Fi\u0219ierele de tip Cookies permit recunoa\u015fterea<br \/>echipamentului utilizatorului \u015fi afi\u015farea \u00een mod corespunz\u0103tor a paginii de<br \/>Internet, adaptat\u0103 preferin\u0163elor individuale ale utilizatorului.<\/p>\n<p>Cookie-urile au rolul de a v\u0103 asigura o experien\u021b\u0103 de<br \/>navigare web pl\u0103cut\u0103 \u0219i sigur\u0103 \u0219i de a v\u0103 oferi servicii complete \u00een func\u021bie de<br \/>comportamentul online manifestat pe websiteul http:\/\/www.oneskishool.ro.<br \/>Concret, pe baza cookie-urilor continuare ONE SKI are posibilitatea de<br \/>a\u00a0 :<\/p>\n<p>a. Adapta prezentarea \u0219i afi\u0219area site &#8211; ului \u00een<br \/>func\u021bie de preferin\u021bele dvs. (limb\u0103, rezolu\u021bie etc)<br \/>b. Crea statistici anonime, care nu presupun identificarea personal, bazate pe<br \/>comportamentul dvs. pe site \u0219i de interesul manifestat pentru produsele<br \/>prezentate. Aceste statistici ne permit s\u0103 \u00eembun\u0103t\u0103\u021bim structura \u0219i con\u021binutul<br \/>site-ului, astfel \u00eenc\u00e2t s\u0103 v\u0103 oferim informa\u021biile de care ave\u021bi nevoie.<br \/>c. Provide web security measures.<\/p>\n<p>4. Tipuri de cookie-uri<br \/>folosite pe siteul http:\/\/www.oneskishool.ro<\/p>\n<p>Siteul http:\/\/www.oneskishool.ro folose\u0219te dou\u0103 tipuri<br \/>de fi\u0219iere Cookie: per sesiune \u0219i fixe. Cookie-urile per sesiune sunt fi\u0219iere<br \/>temporare care se instaleaz\u0103 \u00een terminalul dvs. \u00een timpul vizitei pe website-ul<br \/>nostru \u0219i p\u00e2n\u0103 la \u00eenchiderea sesiunii sau a browser-ului folosit. Cookie-urile<br \/>fixe r\u0103m\u00e2n \u00een terminalul utilizat de dvs. pentru o perioad\u0103 de timp mai mare,<br \/>\u00een func\u021bie de parametrii acestora sau p\u00e2n\u0103 c\u00e2nd sunt \u0219terse manual de<br \/>dvs.\u00a0<\/p>\n<p>5. Cum sunt folosite<br \/>cookie-urile pe http:\/\/www.oneskishool.ro?<\/p>\n<p>Vizita dvs. pe http:\/\/www.oneskishool.ro poate instala<br \/>fi\u0219iere de tip cookie pentru ca noi s\u0103 putem analiza:<br \/>a. site performance<br \/>b. your registration (log in, newsletter, etc.)<br \/>c. your user profile<br \/>d. your location for geographic targeting purposes<br \/>But also to be able to deliver personalized advertising content.<\/p>\n<p>6. Cookie &#8211; urile<br \/>\u00eenregistreaz\u0103 sau \/ \u0219i con\u021bin date personale?<\/p>\n<p>Cookie-urile nu solicit\u0103 informa\u021bii cu caracter<br \/>personal \u0219i nu identific\u0103 personal utilizatorii de internet. Datele personale<br \/>colectate prin utilizarea Cookie-urilor pot fi folosite doar pentru facilitarea<br \/>anumitor func\u021bionalit\u0103\u021bi pentru dvs. Aceste date sunt criptate astfel \u00eenc\u00e2t<br \/>persoanele neautorizate nu pot avea acces la ele.<\/p>\n<p>7. Deleting Cookies<\/p>\n<p>Aplica\u021biile folosite pentru accesarea paginilor web (browser,<br \/>de exemplu) salveaz\u0103 Cookie-urile pe terminalul utilizatorilor de Internet \u00een<br \/>mod implicit. Totu\u0219i, set\u0103rile pot fi schimbate de dvs . astfel \u00eenc\u00e2t<br \/>instalarea automat\u0103 a Cookie-urilor s\u0103 fie blocat\u0103 de browser-ul web.<br \/>Informa\u021bii detaliate despre modurile de administrare a Cookie-urilor sunt<br \/>disponibile \u00een c\u00e2mpul de set\u0103ri al browser-ului web. V\u0103 inform\u0103m c\u0103 limitarea<br \/>folosirii Cookie-urilor poate afecta anumite func\u021bionalit\u0103\u021bi ale modului \u00een<br \/>care sunt afi\u0219ate paginile website-ului http:\/\/www.oneskishool.ro .<\/p>\n<p>8. De ce sunt Cookie-urile<br \/>importante pentru Internet?<\/p>\n<p>Cookie-urile sunt importante pentru func\u021bionarea<br \/>eficient\u0103 a Internetului, \u00een interesul utilizatorului, deoarece contribuie la<br \/>crearea unei experien\u021be de navigare web simpl\u0103 \u0219i personalizat\u0103 \u00een func\u021bie de<br \/>interesele, preferin\u021bele \u0219i comportamentul fiec\u0103rui utilizator.<\/p>\n<p>Blocarea sau dezactivarea Cookie-urilor poate face<br \/>unele site-uri imposibil de folosit sau pot limita semnificativ experien\u021ba dvs.<br \/>pe web. Blocarea sau dezactivarea fi\u0219ierelor Cookie nu \u00eenseamn\u0103 c\u0103 nu v\u0103 vor<br \/>mai fi livrate mesaje publicitare, ci c\u0103 paginile web pe care v\u0103 afla\u021bi nu v\u0103<br \/>vor mai oferi o experien\u021b\u0103 adaptat\u0103 tipului dvs. de comportament \u0219i<br \/>preferin\u021belor<\/p>\n<p>Cookies are important for:<\/p>\n<p>a. Con\u021binut \u0219i servicii adaptate preferin\u021belor dvs. &#8211;<br \/>categorii de produse \u0219i servicii.<br \/>b. Oferte adaptate intereselor dvs. &#8211; re\u021binerea parolelor &#8211; \u00een cazul \u00een care<br \/>opta\u021bi pentru aceast\u0103 func\u021bionalitate.<br \/>c. Re\u021binerea filtrelor de protec\u021bie a copiilor privind con\u021binutul web (op\u021biuni<br \/>family mode, func\u021bii de safe search).<br \/>d. Limitarea frecven\u021bei de livrare a mesajelor publicitare &#8211; limitarea<br \/>num\u0103rului de afi\u0219\u0103ri a unei reclame pentru un anumit utilizator pe un site.<br \/>e. Providing relevant user-specific advertising.<br \/>f. M\u0103surarea, optimizarea \u0219i \u00eenregistrarea de date legate de performan\u021ba<br \/>siteului &#8211; statistici legate de trafic, con\u021binut vizualizat. Aceste informa\u021bii<br \/>sunt importante pentru \u00eembun\u0103t\u0103\u021birea experien\u021bei web a utilizatorilor.<\/p>\n<p>9. Securitate web \u0219i aspecte<br \/>legate de confiden\u021bialitatea utilizatorilor<\/p>\n<p>Cookie-urile NU sunt viru\u0219i \u0219i nu colecteaz\u0103 date cu<br \/>caracter personal.<\/p>\n<p>Totu\u0219i, Cookie-urile pot fi utilizate \u00een detrimentul<br \/>utilizatorilor, de programele de tip Spyware. Deoarece stocheaz\u0103 informa\u021bii despre<br \/>preferin\u021bele \u0219i istoricul de navigare al utilizatorilor, Cookie-urile pot fi<br \/>folosite ca o form\u0103 de Spyware. Aplica\u021biile anti-spyware au rolul de a marca<br \/>cookie-urile pentru a fi \u0219terse \u00een cadrul procedurilor de scanare<br \/>anti-virus\/anti-spyware.<\/p>\n<p>Browserele au integrate set\u0103ri de confiden\u021bialitate<br \/>care ofer\u0103 diferite nivele de acceptare a Cookie-urilor &#8211; precum perioada de<br \/>valabilitate \u0219i stergere automat\u0103 la \u00eencheierea unei sesiuni web.<\/p>\n<p>10. Alte aspecte de<br \/>securitate legate de Cookie-uri:<\/p>\n<p>Deoarece to\u021bi utilizatorii de Internet au dreptul la<br \/>protec\u021bia identit\u0103\u021bii online, este indicat s\u0103 fi\u021bi informat \u00een leg\u0103tur\u0103 cu<br \/>posibilele riscuri de securitate . Av\u00e2nd \u00een vedere c\u0103 prin intermediul acestor<br \/>fi\u0219iere se face schimb de informa\u021bii constant \u00eentre browser \u0219i site-ul pe care<br \/>\u00eel vizita\u021bi, informa\u021biile transmise prin Cookie-uri pot fi interceptate de<br \/>persoane sau programe neautorizate. De exemplu, acest lucru este posibil \u00een<br \/>situa\u021bia \u00een care browserul se conecteaz\u0103 la server folosind o re\u021bea<br \/>necriptata\/nesecurizat\u0103 &#8211; cum e cazul anumitor re\u021bele Wi-Fi.<\/p>\n<p>Alte atacuri bazate pe cookie-uri pot fi posibile din<br \/>cauza unor set\u0103ri gre\u0219ite ale acestor fi\u0219iere pe servere. Daca un website nu<br \/>solicit\u0103 browserului s\u0103 foloseasc\u0103 doar canale criptate, atacatorii pot folosi aceast\u0103<br \/>vulnerabilitate pentru a primi acces la informa\u021biile transmise prin Cookie-uri.<br \/>Din aceste motive este esen\u021bial s\u0103 acorda\u021bi o aten\u021bie sporit\u0103 set\u0103rilor prin<br \/>care v\u0103 proteja\u021bi informa\u021biile personale disponibile online.<\/p>\n<p>11. Sfaturi pentru o<br \/>navigare web sigur\u0103, bazat\u0103 pe Cookies.<\/p>\n<p>Datorit\u0103 flexibilit\u0103\u021bii lor \u0219i faptului c\u0103 majoritatea<br \/>dintre cele mai vizitate site-uri folosesc Cookie-uri, acestea sunt aproape<br \/>inevitabile. Dezactivarea Cookie-urilor nu v\u0103 va permite accesul pe site-uri<br \/>precum Youtube, Gmail, Yahoo etc.<\/p>\n<p>De aceea, v\u0103 oferim c\u00e2teva sfaturi care s\u0103 v\u0103 asigure<br \/>o navigare web sigur\u0103, prin intermediul Cookie-urilor.<\/p>\n<p>a. Personaliza\u021bi setarile browserului \u00een ceea ce<br \/>prive\u0219te Cookie-urile.<\/p>\n<p>b. Daca sunte\u021bi unicul utilizator al terminalului,<br \/>pute\u021bi seta termene de expirare a Cookie-urilor prelungite.<\/p>\n<p>c. \u00cen cazul \u00een care nu sunte\u021bi unicul utilizator al<br \/>terminalului, lua\u021bi \u00een considerare \u0219tergerea datelor individuale de navigare de<br \/>fiecare dat\u0103 c\u00e2nd \u00eenchide\u021bi browserul.\u00a0<\/p>\n<p>d. Install antispyware applications and keep them constantly updated.<\/p>\n<p>e. Asigura\u021bi-v\u0103 c\u0103 browser-ul folosit este mereu<br \/>updatat, deoarece multe dintre atacurile bazate pe Cookies sunt posibile din<br \/>cauza punctelor slabe ale versiunilor vechi ale browserelor.<\/p>\n<p>Toate browserele v\u0103 ofer\u0103 posibilitatea de a v\u0103 seta personalizat modul de<br \/>ac\u021biune a Cookie-urilor.<\/p>\n<p>Pentru a in\u021belege aceste set\u0103ri, accesa\u021bi unul din<br \/>linkurile de mai jos, \u00een func\u021bie de browser-ul folosit:<\/p>\n<p><a href=\"https:\/\/support.microsoft.com\/ro-ro\/help\/17442\/windows-internet-explorer-delete-manage-cookies\">Set\u0103ri Cookies<br \/>\u00een Internet Explorer<\/a><\/p>\n<p><a href=\"https:\/\/privacy.microsoft.com\/ro-ro\/windows-10-microsoft-edge-and-privacy\">Set\u0103ri Cookies<br \/>\u00een Edge<\/a><br \/><a href=\"https:\/\/support.mozilla.org\/ro\/kb\/activarea-si-dezactivarea-cookie-urilor\">Set\u0103ri Cookies<br \/>\u00een Firefox<\/a><br \/><a href=\"https:\/\/support.google.com\/accounts\/answer\/61416?co=GENIE.Platform%3DDesktop&amp;hl=ro\">Set\u0103ri Cookies<br \/>\u00een Google Chrome<\/a><br \/><a href=\"https:\/\/support.apple.com\/ro-ro\/HT201265\">Cookie settings in Safari<\/a><\/p>\n<p>Pentru set\u0103rile cookie-urilor generate de ter\u021bi pute\u021bi<br \/>consulta \u0219i site-ul:<br \/><a href=\"http:\/\/www.youronlinechoices.com\/ro\/\">http:\/\/www.youronlinechoices.com\/ro\/<\/a><\/p>\n<p>&nbsp;<\/p>\n\n\t\t<\/div>\n\t<\/div>\n<\/div><\/div><\/div><\/div>","protected":false},"excerpt":{"rendered":"POLITICA DE UTILIZARE COOKIE-URI 1. Politica de utilizare aCookie-urilor Aceasta se refer\u0103 la cookie-urile din website-ulhttp:\/\/www.oneskishool.ro de\u021binut de SC TCC ONE SKI SRL cu sediul social\u00een Str. Bailor Nr. 10, Brasov, societate denumit\u0103 \u00een continuare ONE SKI. 2. Ce sunt Cookie-urile? Cookie-urile sunt fi\u0219iere text de mici dimensiuni,stocate pe echipamentele terminale ale unui utilizator de ... <a href=\"https:\/\/www.oneskischool.ro\/en\/politica-de-utilizare-cookie-uri\/\" class=\"more-link text-uppercase small\"><strong>Continue Reading<\/strong> <i class=\"fa fa-angle-double-right\" aria-hidden=\"true\"><\/i><\/a>","protected":false},"author":1,"featured_media":0,"parent":0,"menu_order":0,"comment_status":"closed","ping_status":"closed","template":"template_fullwidth.php","meta":{"footnotes":""},"class_list":["post-433","page","type-page","status-publish","hentry"],"aioseo_notices":[],"_links":{"self":[{"href":"https:\/\/www.oneskischool.ro\/en\/wp-json\/wp\/v2\/pages\/433"}],"collection":[{"href":"https:\/\/www.oneskischool.ro\/en\/wp-json\/wp\/v2\/pages"}],"about":[{"href":"https:\/\/www.oneskischool.ro\/en\/wp-json\/wp\/v2\/types\/page"}],"author":[{"embeddable":true,"href":"https:\/\/www.oneskischool.ro\/en\/wp-json\/wp\/v2\/users\/1"}],"replies":[{"embeddable":true,"href":"https:\/\/www.oneskischool.ro\/en\/wp-json\/wp\/v2\/comments?post=433"}],"version-history":[{"count":2,"href":"https:\/\/www.oneskischool.ro\/en\/wp-json\/wp\/v2\/pages\/433\/revisions"}],"predecessor-version":[{"id":670,"href":"https:\/\/www.oneskischool.ro\/en\/wp-json\/wp\/v2\/pages\/433\/revisions\/670"}],"wp:attachment":[{"href":"https:\/\/www.oneskischool.ro\/en\/wp-json\/wp\/v2\/media?parent=433"}],"curies":[{"name":"wp","href":"https:\/\/api.w.org\/{rel}","templated":true}]}}