{"id":431,"date":"2019-07-16T21:34:40","date_gmt":"2019-07-16T18:34:40","guid":{"rendered":"https:\/\/www.oneskischool.ro\/?page_id=431"},"modified":"2022-12-12T21:32:42","modified_gmt":"2022-12-12T18:32:42","slug":"politica-de-confidentialitate","status":"publish","type":"page","link":"https:\/\/www.oneskischool.ro\/en\/politica-de-confidentialitate\/","title":{"rendered":"Privacy policy"},"content":{"rendered":"<div class=\"vc_row wpb_row vc_row-fluid\"><div class=\"wpb_column vc_column_container vc_col-sm-12\"><div class=\"vc_column-inner\"><div class=\"wpb_wrapper\">\n\t<div class=\"wpb_text_column wpb_content_element\" >\n\t\t<div class=\"wpb_wrapper\">\n\t\t\t<p><strong>PRIVACY POLICY<\/strong><\/p>\n<p>SC TCC ONE SKI SRL, denumit\u0103 generic \u00een cele ce urmeaz\u0103 \u015fi ONE SKI, \u00een calitate de autor\/proprietar\/administrator al website-ului www.oneskishool.ro respect\u0103 caracterul privat \u015fi securitatea informa\u0163iei furnizate de c\u0103tre dumneavoastr\u0103 atunci c\u00e2nd utiliza\u0163i acest website, inclusiv a datelor cu caracter personal, scop \u00een care a creat\u0103 \u015fi aplic\u0103 prezenta Politic\u0103 de confiden\u0163ialitate.<\/p>\n<p><!-- \/wp:paragraph --><\/p>\n<p><!-- wp:paragraph -->Accesul\/vizitarea acestui website de c\u0103tre dumneavoastr\u0103 se supune Termenilor \u015fi condi\u0163iilor de utilizare \u015fi Politicii de confiden\u0163ialitate, implic\u0103 acceptul explicit al dumneavoastr\u0103 cu privire la acestea \u015fi reprezint\u0103 \u00eentreaga \u00eentelegere (contractul) dintre p\u0103r\u0163i.<\/p>\n<p><!-- \/wp:paragraph -->ONE SKI \u00ee\u015fi rezerv\u0103 dreptul de a schimba \u015fi actualiza \u00een orice moment con\u0163inutul website-ului www.oneskishool.ro, precum \u015fi Politica de confiden\u0163ialitate \u015fi Termenii \u015fi condi\u0163iile de utilizare, f\u0103r\u0103 niciun fel de notificare prealabil\u0103. De aceea, v\u0103 rug\u0103m s\u0103 vizita\u0163i periodic aceast\u0103 sec\u0163iune pentru a verifica termenii \u015fi condi\u0163iile pe care a\u0163i agreat s\u0103 le respecta\u0163i.<\/p>\n<p><!-- \/wp:paragraph --><\/p>\n<p><!-- wp:paragraph -->Termenii \u015fi condi\u0163iile prezentate sunt valabile \u015fi se aplic\u0103 pentru toate paginile din domeniul oneskischool.ro \u015fi pentru care ONE SKI are calitatea de autor\/proprietar\/administrator. Toate aceste pagini web (a\u015fa cum exist\u0103 ele \u00een prezent sau vor fi ulterior implementate) precum \u015fi website-ul www.oneskishool.ro vor fi denumite generic, \u00een mod individual sau colectiv Site \u00een cele ce urmeaz\u0103.<\/p>\n<p><!-- \/wp:paragraph --><\/p>\n<p><!-- wp:paragraph -->\u00cen cadrul prezentului document, cuvintele la singular includ pluralul, cuvintele la plural includ singularul, cuvintele care denot\u0103 genul masculin includ femininul, \u015fi cuvintele care denot\u0103 genul feminin includ masculinul<\/p>\n<p><!-- \/wp:paragraph --><\/p>\n<p><!-- wp:paragraph --><strong>Definitions<\/strong><\/p>\n<p><!-- \/wp:paragraph --><\/p>\n<p><!-- wp:paragraph -->a. date cu caracter personal &#8211; orice informa\u0163ie referitoare la o persoan\u0103 fizic\u0103 identificat\u0103 sau identificabil\u0103; o persoana identificabil\u0103 este acea persoan\u0103 care poate fi identificat\u0103, direct sau indirect, \u00een mod particular prin referire la un numar de identificare ori la unul sau la mai mul\u0163i factori specifici identit\u0103\u0163ii sale fizice, fiziologice, psihice, economice, culturale sau sociale;<\/p>\n<p><!-- \/wp:paragraph --><\/p>\n<p><!-- wp:paragraph -->b. prelucrarea datelor cu caracter personal &#8211; orice opera\u0163iune sau set de opera\u0163iuni care se efectueaz\u0103 asupra datelor cu caracter personal, prin mijloace automate sau neautomate, cum ar fi colectarea, \u00eenregistrarea, organizarea, stocarea, adaptarea ori modificarea, extragerea, consultarea, utilizarea, dezv\u0103luirea c\u0103tre ter\u0163i prin transmitere, diseminare sau \u00een orice alt mod, al\u0103turarea ori combinarea, blocarea, \u015ftergerea sau distrugerea;<\/p>\n<p><!-- \/wp:paragraph --><\/p>\n<p><!-- wp:paragraph -->c. stocarea &#8211; p\u0103strarea pe orice fel de suport a datelor cu caracter personal culese;<\/p>\n<p><!-- \/wp:paragraph --><\/p>\n<p><!-- wp:paragraph -->d. sistem de eviden\u0163\u0103 a datelor cu caracter personal &#8211; orice structur\u0103 organizat\u0103 de date cu caracter personal, accesibil\u0103 potrivit unor criterii determinate, indiferent dac\u0103 aceast\u0103 structur\u0103 este organizat\u0103 \u00een mod centralizat ori descentralizat sau este repartizat\u0103 dup\u0103 criterii func\u0163ionale ori geografice;<\/p>\n<p><!-- \/wp:paragraph --><\/p>\n<p><!-- wp:paragraph -->e. operator &#8211; orice persoan\u0103 fizic\u0103 sau juridic\u0103, de drept privat ori de drept public, inclusiv autorit\u0103\u0163ile publice, institu\u0163iile \u015fi structurile teritoriale ale acestora, care stabile\u015fte scopul \u015fi mijloacele de prelucrare a datelor cu caracter personal;<\/p>\n<p><!-- \/wp:paragraph --><\/p>\n<p><!-- wp:paragraph -->f. ter\u0163 &#8211; orice persoan\u0103 fizic\u0103 sau juridic\u0103, de drept privat ori de drept public, inclusiv autorit\u0103\u0163ile publice, institu\u0163iile \u015fi structurile teritoriale ale acestora, alta dec\u00e2t persoana vizat\u0103, operatorul ori persoana \u00eemputernicit\u0103 sau persoanele care, sub autoritatea direct\u0103 a operatorului sau a persoanei \u00eemputernicite, sunt autorizate s\u0103 prelucreze date;<\/p>\n<p><!-- \/wp:paragraph --><\/p>\n<p><!-- wp:paragraph -->g. destinatar &#8211; orice persoan\u0103 fizic\u0103 sau juridic\u0103, de drept privat ori de drept public, inclusiv autorit\u0103\u0163ile publice, institu\u0163iile \u015fi structurile teritoriale ale acestora, c\u0103reia \u00eei sunt dezv\u0103luite date, indiferent dac\u0103 este sau nu ter\u0163; autorit\u0103\u0163ile publice c\u0103rora li se comunic\u0103 date \u00een cadrul unei competen\u0163e speciale de anchet\u0103 nu vor fi considerate destinatari;<\/p>\n<p><!-- \/wp:paragraph --><\/p>\n<p><!-- wp:paragraph -->h. date anonime &#8211; date care, datorit\u0103 originii sau modalit\u0103\u0163ii specifice de prelucrare, nu pot fi asociate cu o persoan\u0103 identificat\u0103 sau identificabil\u0103;<\/p>\n<p><!-- \/wp:paragraph --><\/p>\n<p><!-- wp:paragraph -->i. date de tip &#8220;business contact&#8221; &#8211; date care includ numele, func\u0163ia, adresa de business, num\u0103rul de telefon sau adresa e-mail a unui angajat al unei organiza\u0163ii, \u00een aceast\u0103 calitate. Datele tip &#8220;business contact&#8221; nu intr\u0103 \u00een categoria datelor cu caracter personal;<\/p>\n<p><!-- \/wp:paragraph --><\/p>\n<p><!-- wp:paragraph -->j. date statistice &#8211; date care au fost ob\u0163inute ca urmare a prelucr\u0103rii de c\u0103tre operator a datelor cu caracter personal dar care nu pot fi folosite la identificarea unei persoane \u015fi sunt folosite exclusiv pentru scopuri statistice \u015fi\/sau de informare, promovare.<\/p>\n<p><!-- \/wp:paragraph --><\/p>\n<p><!-- wp:paragraph --><strong>Colectarea de date cu caracter personal<\/strong><\/p>\n<p><!-- \/wp:paragraph -->ONE SKI poate colecta de la dumneavoastr\u0103 date cu caracter personal dar numai cu acordul dumneavoastr\u0103 \u015fi dac\u0103 ni le furniza\u0163i voluntar.<\/p>\n<p><!-- \/wp:paragraph --><\/p>\n<p><!-- wp:paragraph -->Formularul de contact prezentat pe site-ul www.oneskishool.ro cere informa\u0163ii prin care pute\u0163i fi identificat sau prin care v\u0103 putem contacta, acestea fiind din categoria datelor de tip &#8220;business contact&#8221;.<\/p>\n<p><!-- \/wp:paragraph --><\/p>\n<p><!-- wp:paragraph -->Folosim datele cu caracter personal colectate \u00een urm\u0103toarele scopuri:<\/p>\n<p><!-- \/wp:paragraph --><br \/><!-- wp:list --><\/p>\n<ul>\n<li>Pentru a ne asigura ca pagina de web este relevant\u0103 nevoilor dumneavoastr\u0103.<\/li>\n<li>Pentru a livra servicii precum buletinele de \u015ftiri, evenimentele sau produsele pe care le-a\u0163i cerut sau achizi\u0163ionat.<\/li>\n<li>Pentru a factura produsele comandate.<\/li>\n<li>Pentru livrarea acestora.<\/li>\n<li>Pentru a asigura accesul la sec\u0163iuni cu acces limitat ale site-ului.<\/li>\n<\/ul>\n<p><!-- \/wp:list -->ONE SKI poate folosi \u00een cadrul Site-ului cookies, stoc\u00e2nd temporar date cu caracter personal \u00een urm\u0103toarele scopuri:<\/p>\n<p><!-- \/wp:paragraph --><br \/><!-- wp:list --><\/p>\n<ul>\n<li>Pentru a \u00eembun\u0103t\u0103\u0163i securitatea accesului.<\/li>\n<li>Pentru a \u00eembun\u0103t\u0103\u0163i uzabilitatea \u015fi a v\u0103 furniza un serviciu c\u00e2t mai bun.<\/li>\n<\/ul>\n<p><!-- \/wp:list --><\/p>\n<p><!-- wp:paragraph --><br \/>\u00cen diferite sec\u0163iuni din Site se g\u0103sesc linkuri pentru a ne trimite un mesaj e-mail. Adresa dumneavoastr\u0103 de email este folosit\u0103 pentru a v\u0103 trimite un r\u0103spuns \u015fi mesajul dumneavoastr\u0103 este re\u0163inut pentru referin\u0163e viitoare \u00een cazul \u00een care decide\u0163i s\u0103 ne contacta\u0163i din nou. Adresa dumneavoastr\u0103 de e-mail \u015fi numele furnizat intr\u0103 \u00een categoria datelor tip &#8220;business contact&#8221; iar ONE SKI le va putea utiliza, inclusiv \u00een a le furniza unor ter\u0163i, av\u00e2nd acceptul dumneavoastr\u0103.<\/p>\n<p><!-- \/wp:paragraph -->ONE SKI poate dezv\u0103lui datele cu caracter personal c\u0103tre ter\u0163i dac\u0103 acest lucru este cerut de lege sau \u00een cazurile de bun\u0103 credin\u0163\u0103 \u00een care aceste ac\u0163iuni sunt necesare pentru: (a) conformarea la rigorile legii; (b) protejarea \u015fi ap\u0103rarea drepturilor de proprietate ale ONE SKI \u015fi ale site-ului s\u0103u web, sau (c) ac\u0163ionarea \u00een circumstan\u0163e de urgen\u0163\u0103 pentru protejarea siguran\u0163ei personale a angaja\u0163ilor, utilizatorilor de produse sau servicii, sau a persoanelor publice.<\/p>\n<p><!-- \/wp:paragraph --><\/p>\n<p><!-- wp:paragraph -->Atunci c\u00e2nd suntem solicita\u0163i s\u0103 furniz\u0103m date cu caracter personal sau ni se permite acest lucru, vor fi dezv\u0103luite doar acele date necesare \u00eendeplinirii obiectului solicit\u0103rii.<\/p>\n<p><!-- \/wp:paragraph --><\/p>\n<p><!-- wp:paragraph -->TONE SKI nu vinde, schimb\u0103 sau inchiriaz\u0103 date cu caracter personal c\u0103tre ter\u0163i.<\/p>\n<p><!-- \/wp:paragraph --><\/p>\n<p><!-- wp:paragraph -->Prin utilizarea Site-ului www.oneskishool.ro v\u0103 exprima\u0163i expres consim\u0163\u0103m\u00e2ntul cu privire la prelucrarea datelor cu caracter personal \u00een sistemul de eviden\u0163\u0103 informatizat de c\u0103tre ONE SKI.<\/p>\n<p><!-- \/wp:paragraph --><\/p>\n<p><!-- wp:paragraph --><strong>Utilizarea datelor statistice \u015fi datelor anonime<\/strong><\/p>\n<p><!-- \/wp:paragraph -->ONE SKI poate folosi datele statistice sau datele anonime rezultate \u00een urma prelucr\u0103rii \u00een calitatea sa de operator \u00een urm\u0103toarele scopuri:<\/p>\n<p><!-- \/wp:paragraph --><br \/><!-- wp:list --><\/p>\n<ul>\n<li>realiz\u0103rii de analize\/rapoarte;<\/li>\n<li>realiz\u0103rii de inform\u0103ri;<\/li>\n<li>public\u0103rii, promov\u0103rii, ofert\u0103rii produselor oferite de c\u0103tre ONE SKI.<\/li>\n<\/ul>\n<p><!-- \/wp:list --><\/p>\n<p><!-- wp:paragraph --><strong>Securitatea datelor colectate<\/strong><\/p>\n<p><!-- \/wp:paragraph -->ONE SKI utilizeaz\u0103 metode \u015fi tehnologii de securitate, \u00eempreun\u0103 cu politici aplicate salaria\u0163ilor \u015fi proceduri de lucru, pentru a proteja datele cu caracter personal colectate conform prevederior legale \u00een vigoare.<\/p>\n<p><!-- \/wp:paragraph --><\/p>\n<p><!-- wp:paragraph -->Serverele pe care Site-ul este g\u0103zduit sunt protejate de acces fizic \u015fi la distan\u0163\u0103 limitat\u0103, fiind instalate \u00een incinte adecvate tehnic \u015fi dpdv al securit\u0103\u0163ii. Depunem toate eforturile rezonabile, justificate comercial pentru a v\u0103 proteja datele cu caracter personal colectate, analiz\u0103m noile tehnologii \u00een domeniu \u015fi, dac\u0103 este cazul, le aplic\u0103m \u00een vederea upgrade-ului sistemelor noastre de securitate.<\/p>\n<p><!-- \/wp:paragraph --><\/p>\n<p><!-- wp:paragraph --><strong>External links<\/strong><\/p>\n<p><!-- \/wp:paragraph --><\/p>\n<p><!-- wp:paragraph -->Site-ul poate con\u0163ine leg\u0103turi spre alte website-uri, \u00een afara controlului ONE SKI, website-uri pe care credem c\u0103 le ve\u0163i g\u0103si utile. Dac\u0103 accesa\u0163i aceste linkuri, ve\u0163i accesa\/vizita website-uri care pot avea o politic\u0103 de confiden\u0163ialitate diferit\u0103 de ONE SKI.<\/p>\n<p><!-- \/wp:paragraph --><\/p>\n<p><!-- wp:paragraph --><strong>Impunerea acestei Politici de Confiden\u0163ialitate<\/strong><\/p>\n<p><!-- \/wp:paragraph --><\/p>\n<p><!-- wp:paragraph -->Dac\u0103 ave\u0163i intreb\u0103ri legate de Politica de Confiden\u0163ialitate sau dori\u0163i s\u0103 fi\u0163i informat asupra datelor cu caracter personal prelucrate de c\u0103tre ONE SKIg \u015fi care v\u0103 privesc direct, v\u0103 rug\u0103m s\u0103 ne contacta\u0163i.<\/p>\n<p><!-- \/wp:paragraph --><\/p>\n<p><!-- wp:paragraph --><strong>Termeni \u015fi condi\u0163ii de utilizare<\/strong><\/p>\n<p><!-- \/wp:paragraph --><\/p>\n<p><!-- wp:paragraph -->V\u0103 rug\u0103m s\u0103 accesa\u0163i \u015fi sec\u0163iunea Termeni \u015fi condi\u0163ii care se aplic\u0103 deasemenea accesului\/vizitei dumneavoastr\u0103 pe Site.<\/p>\n<p><!-- \/wp:paragraph --><\/p>\n<p><!-- wp:paragraph --><strong>Legislation<\/strong><\/p>\n<p><!-- \/wp:paragraph --><\/p>\n<p><!-- wp:paragraph -->Politica de confiden\u0163ialitate se supune legisla\u0163iei rom\u00e2ne. \u00cen caz de litigiu, se va \u00eencerca mai \u00eentai o rezolvare pe cale amiabil\u0103, \u00een termen de 30 de zile lucr\u0103toare de la \u00eenregistrarea reclama\u0163iei la sediul ONE SKI. \u00cen cazul \u00een care nu se poate ajunge la o \u00een\u0163elegere \u00een termenul precizat anterior, litigiul va fi supus rezolv\u0103rii instan\u0163ei judec\u0103tore\u015fti competente.<\/p>\n<p><!-- \/wp:paragraph --><\/p>\n<p><!-- wp:paragraph --><strong>Contact<\/strong><\/p>\n<p><!-- \/wp:paragraph -->SC TCC ONE SKI SRL<br \/>Headquarters address: Romania, Str. Bailor Nr. 10, Brasov<br \/>Tel: +40 728 064 266<br \/>Email: contact@oneskischool.ro<\/p>\n<p><!-- \/wp:paragraph --><\/p>\n<p><!-- wp:paragraph -->RC: J08\/3086\/2022; C.U.I.: 47269480;<\/p>\n<p><!-- \/wp:paragraph --><\/p>\n<p><!-- wp:paragraph -->Ultima actualizare: 10 decembrie 2022<\/p>\n<p><!-- \/wp:paragraph -->\u00a0<\/p>\n\n\t\t<\/div>\n\t<\/div>\n<\/div><\/div><\/div><\/div>","protected":false},"excerpt":{"rendered":"POLITICA DE CONFIDENTIALITATE SC TCC ONE SKI SRL, denumit\u0103 generic \u00een cele ce urmeaz\u0103 \u015fi ONE SKI, \u00een calitate de autor\/proprietar\/administrator al website-ului www.oneskishool.ro respect\u0103 caracterul privat \u015fi securitatea informa\u0163iei furnizate de c\u0103tre dumneavoastr\u0103 atunci c\u00e2nd utiliza\u0163i acest website, inclusiv a datelor cu caracter personal, scop \u00een care a creat\u0103 \u015fi aplic\u0103 prezenta Politic\u0103 de ... <a href=\"https:\/\/www.oneskischool.ro\/en\/politica-de-confidentialitate\/\" class=\"more-link text-uppercase small\"><strong>Continue Reading<\/strong> <i class=\"fa fa-angle-double-right\" aria-hidden=\"true\"><\/i><\/a>","protected":false},"author":1,"featured_media":0,"parent":0,"menu_order":0,"comment_status":"closed","ping_status":"closed","template":"template_fullwidth.php","meta":{"footnotes":""},"class_list":["post-431","page","type-page","status-publish","hentry"],"aioseo_notices":[],"_links":{"self":[{"href":"https:\/\/www.oneskischool.ro\/en\/wp-json\/wp\/v2\/pages\/431"}],"collection":[{"href":"https:\/\/www.oneskischool.ro\/en\/wp-json\/wp\/v2\/pages"}],"about":[{"href":"https:\/\/www.oneskischool.ro\/en\/wp-json\/wp\/v2\/types\/page"}],"author":[{"embeddable":true,"href":"https:\/\/www.oneskischool.ro\/en\/wp-json\/wp\/v2\/users\/1"}],"replies":[{"embeddable":true,"href":"https:\/\/www.oneskischool.ro\/en\/wp-json\/wp\/v2\/comments?post=431"}],"version-history":[{"count":10,"href":"https:\/\/www.oneskischool.ro\/en\/wp-json\/wp\/v2\/pages\/431\/revisions"}],"predecessor-version":[{"id":668,"href":"https:\/\/www.oneskischool.ro\/en\/wp-json\/wp\/v2\/pages\/431\/revisions\/668"}],"wp:attachment":[{"href":"https:\/\/www.oneskischool.ro\/en\/wp-json\/wp\/v2\/media?parent=431"}],"curies":[{"name":"wp","href":"https:\/\/api.w.org\/{rel}","templated":true}]}}